{"id":1259,"date":"2025-07-01T13:56:56","date_gmt":"2025-07-01T13:56:56","guid":{"rendered":"https:\/\/morena.bajkowylabirynt.pl\/?page_id=1259"},"modified":"2026-04-10T10:43:52","modified_gmt":"2026-04-10T10:43:52","slug":"polkolonie","status":"publish","type":"page","link":"https:\/\/morena.bajkowylabirynt.pl\/en\/polkolonie\/","title":{"rendered":"P\u00f3\u0142kolonie"},"content":{"rendered":"<div data-elementor-type=\"wp-page\" data-elementor-id=\"1259\" class=\"elementor elementor-1259\" data-elementor-post-type=\"page\">\n\t\t\t\t\t\t<section class=\"elementor-section elementor-top-section elementor-element elementor-element-d9f48c4 elementor-section-boxed elementor-section-height-default elementor-section-height-default\" data-id=\"d9f48c4\" data-element_type=\"section\">\n\t\t\t\t\t\t<div class=\"elementor-container elementor-column-gap-default\">\n\t\t\t\t\t<div class=\"elementor-column elementor-col-50 elementor-top-column elementor-element elementor-element-ed484d7\" data-id=\"ed484d7\" data-element_type=\"column\">\n\t\t\t<div class=\"elementor-widget-wrap elementor-element-populated\">\n\t\t\t\t\t\t<div class=\"elementor-element elementor-element-87f7a94 elementor-widget elementor-widget-heading\" data-id=\"87f7a94\" data-element_type=\"widget\" data-widget_type=\"heading.default\">\n\t\t\t\t<div class=\"elementor-widget-container\">\n\t\t\t\t\t<h2 class=\"elementor-heading-title elementor-size-default\">P\u00f3\u0142kolonie w Bajkowym Labiryncie. Lato 2026 to wyj\u0105tkowa przygoda pod has\u0142em \u201cP\u00f3\u0142kolonie Odkrywc\u00f3w. Ruszaj z nami po przygod\u0119\u201d.<\/h2>\t\t\t\t<\/div>\n\t\t\t\t<\/div>\n\t\t\t\t<div class=\"elementor-element elementor-element-df75bf5 elementor-widget elementor-widget-text-editor\" data-id=\"df75bf5\" data-element_type=\"widget\" data-widget_type=\"text-editor.default\">\n\t\t\t\t<div class=\"elementor-widget-container\">\n\t\t\t\t\t\t\t\t\t<p><b>Ka\u017cdy z\u00a09 turnus\u00f3w to:<\/b><\/p><p><b>\ud83d\udd0d<\/b><b> Opieka dla Twojego dziecka<\/b>\u00a0od\u00a0poniedzia\u0142ku do\u00a0pi\u0105tku w\u00a0godzinach\u00a0<b>od 7.30 do\u00a018.00<\/b><br \/>\ud83d\udd0d\u00a0<b>Atrakcyjny program<\/b>\u00a0&#8211; nowa misja i\u00a0nowy kierunek podr\u00f3\u017cy: od\u00a0\u015bwiata dinozaur\u00f3w, przez oceaniczne g\u0142\u0119biny, a\u017c\u00a0po tajemnice natury i\u00a0wielkie wyprawy odkrywc\u00f3w.<br \/>\ud83d\udd0d\u00a0<b>Autokarowe wycieczki ca\u0142odzienne dla dzieci (w\u00a0cenie!)<\/b>, oraz wizyty w\u00a0najciekawszych obiektach tworzonych dla dzieci takich jak: muzea interaktywne, parki edukacyjne i\u00a0centra rozwoju, gdzie program \u0142\u0105czy zabaw\u0119 z\u00a0nauk\u0105 i\u00a0integracj\u0105 grupy.<br \/>\ud83d\udd0d\u00a0<b>Fiko\u0142kowa Walizka marki Wittchen<\/b>\u00a0&#8211;\u00a0w naszym super Pakiecie Odkrywcy dodawana do\u00a0ka\u017cdego turnusu*!<br \/>\ud83d\udd0d\u00a0<b>Do\u015bwiadczenie i\u00a0bezpiecze\u0144stwo<\/b>\u00a0&#8211;\u00a0p\u00f3\u0142kolonie organizujemy ju\u017c od\u00a010 lat, a\u00a0nasze turnusy zg\u0142oszone s\u0105\u00a0do Bazy Wypoczynku prowadzonej przez\u00a0<b>MEN<\/b>.<\/p>\t\t\t\t\t\t\t\t<\/div>\n\t\t\t\t<\/div>\n\t\t\t\t<div class=\"elementor-element elementor-element-5ff2db8 elementor-widget elementor-widget-text-editor\" data-id=\"5ff2db8\" data-element_type=\"widget\" data-widget_type=\"text-editor.default\">\n\t\t\t\t<div class=\"elementor-widget-container\">\n\t\t\t\t\t\t\t\t\t<p>*Liczba walizek ograniczona, szczeg\u00f3\u0142y w\u00a0regulaminie Family Benefits S.A.<\/p>\t\t\t\t\t\t\t\t<\/div>\n\t\t\t\t<\/div>\n\t\t\t\t<div class=\"elementor-element elementor-element-85caa4f elementor-widget elementor-widget-text-editor\" data-id=\"85caa4f\" data-element_type=\"widget\" data-widget_type=\"text-editor.default\">\n\t\t\t\t<div class=\"elementor-widget-container\">\n\t\t\t\t\t\t\t\t\t<p>A to wszystko w kilkudziesi\u0119ciu lokalizacjach Klub\u00f3w Fiko\u0142ki i Bajkowy Labirynt w ca\u0142ej Polsce!<\/p>\t\t\t\t\t\t\t\t<\/div>\n\t\t\t\t<\/div>\n\t\t\t\t\t<\/div>\n\t\t<\/div>\n\t\t\t\t<div class=\"elementor-column elementor-col-50 elementor-top-column elementor-element elementor-element-01f92e7\" data-id=\"01f92e7\" data-element_type=\"column\">\n\t\t\t<div class=\"elementor-widget-wrap elementor-element-populated\">\n\t\t\t\t\t\t<div class=\"elementor-element elementor-element-0c583c6 elementor-widget elementor-widget-image\" data-id=\"0c583c6\" data-element_type=\"widget\" data-widget_type=\"image.default\">\n\t\t\t\t<div class=\"elementor-widget-container\">\n\t\t\t\t\t\t\t\t\t\t\t\t\t\t\t\t<a href=\"https:\/\/fikolki.pl\/polkolonie\/\">\n\t\t\t\t\t\t\t<img fetchpriority=\"high\" decoding=\"async\" width=\"580\" height=\"486\" src=\"https:\/\/morena.bajkowylabirynt.pl\/wp-content\/uploads\/2026\/04\/Polkolonie_start_walizka1-1.jpg\" class=\"attachment-large size-large wp-image-1363\" alt=\"\" srcset=\"https:\/\/morena.bajkowylabirynt.pl\/wp-content\/uploads\/2026\/04\/Polkolonie_start_walizka1-1.jpg 940w, https:\/\/morena.bajkowylabirynt.pl\/wp-content\/uploads\/2026\/04\/Polkolonie_start_walizka1-1-300x251.jpg 300w, https:\/\/morena.bajkowylabirynt.pl\/wp-content\/uploads\/2026\/04\/Polkolonie_start_walizka1-1-768x644.jpg 768w, https:\/\/morena.bajkowylabirynt.pl\/wp-content\/uploads\/2026\/04\/Polkolonie_start_walizka1-1-14x12.jpg 14w\" sizes=\"(max-width: 580px) 100vw, 580px\" \/>\t\t\t\t\t\t\t\t<\/a>\n\t\t\t\t\t\t\t\t\t\t\t\t\t\t\t<\/div>\n\t\t\t\t<\/div>\n\t\t\t\t<div class=\"elementor-element elementor-element-3b610af elementor-align-left elementor-widget elementor-widget-button\" data-id=\"3b610af\" data-element_type=\"widget\" data-widget_type=\"button.default\">\n\t\t\t\t<div class=\"elementor-widget-container\">\n\t\t\t\t\t\t\t\t\t<div class=\"elementor-button-wrapper\">\n\t\t\t\t\t<a class=\"elementor-button elementor-button-link elementor-size-md elementor-animation-grow\" href=\"https:\/\/fikolki.pl\/polkolonie\/\">\n\t\t\t\t\t\t<span class=\"elementor-button-content-wrapper\">\n\t\t\t\t\t\t\t\t\t<span class=\"elementor-button-text\">Sprawd\u017a szczeg\u00f3\u0142y<\/span>\n\t\t\t\t\t<\/span>\n\t\t\t\t\t<\/a>\n\t\t\t\t<\/div>\n\t\t\t\t\t\t\t\t<\/div>\n\t\t\t\t<\/div>\n\t\t\t\t\t<\/div>\n\t\t<\/div>\n\t\t\t\t\t<\/div>\n\t\t<\/section>\n\t\t\t\t<\/div>","protected":false},"excerpt":{"rendered":"<p>P\u00f3\u0142kolonie w Bajkowym Labiryncie. Lato 2026 to wyj\u0105tkowa przygoda pod has\u0142em \u201cP\u00f3\u0142kolonie Odkrywc\u00f3w. Ruszaj z nami po przygod\u0119\u201d. Ka\u017cdy z\u00a09 turnus\u00f3w to: \ud83d\udd0d Opieka dla Twojego dziecka\u00a0od\u00a0poniedzia\u0142ku do\u00a0pi\u0105tku w\u00a0godzinach\u00a0od 7.30 do\u00a018.00\ud83d\udd0d\u00a0Atrakcyjny program\u00a0&#8211; nowa misja i\u00a0nowy kierunek podr\u00f3\u017cy: od\u00a0\u015bwiata dinozaur\u00f3w, przez oceaniczne g\u0142\u0119biny, a\u017c\u00a0po tajemnice natury i\u00a0wielkie wyprawy odkrywc\u00f3w.\ud83d\udd0d\u00a0Autokarowe wycieczki ca\u0142odzienne dla dzieci (w\u00a0cenie!), oraz wizyty [&hellip;]<\/p>","protected":false},"author":5,"featured_media":0,"parent":0,"menu_order":0,"comment_status":"closed","ping_status":"closed","template":"elementor_header_footer","meta":{"loftloader_page_shortcode":"","footnotes":""},"class_list":["post-1259","page","type-page","status-publish","hentry"],"_links":{"self":[{"href":"https:\/\/morena.bajkowylabirynt.pl\/en\/wp-json\/wp\/v2\/pages\/1259","targetHints":{"allow":["GET"]}}],"collection":[{"href":"https:\/\/morena.bajkowylabirynt.pl\/en\/wp-json\/wp\/v2\/pages"}],"about":[{"href":"https:\/\/morena.bajkowylabirynt.pl\/en\/wp-json\/wp\/v2\/types\/page"}],"author":[{"embeddable":true,"href":"https:\/\/morena.bajkowylabirynt.pl\/en\/wp-json\/wp\/v2\/users\/5"}],"replies":[{"embeddable":true,"href":"https:\/\/morena.bajkowylabirynt.pl\/en\/wp-json\/wp\/v2\/comments?post=1259"}],"version-history":[{"count":22,"href":"https:\/\/morena.bajkowylabirynt.pl\/en\/wp-json\/wp\/v2\/pages\/1259\/revisions"}],"predecessor-version":[{"id":1374,"href":"https:\/\/morena.bajkowylabirynt.pl\/en\/wp-json\/wp\/v2\/pages\/1259\/revisions\/1374"}],"wp:attachment":[{"href":"https:\/\/morena.bajkowylabirynt.pl\/en\/wp-json\/wp\/v2\/media?parent=1259"}],"curies":[{"name":"wp","href":"https:\/\/api.w.org\/{rel}","templated":true}]}}